{"id":11,"date":"2014-08-08T12:22:18","date_gmt":"2014-08-08T10:22:18","guid":{"rendered":"http:\/\/www.mennekes-jungenarbeit.de\/?page_id=11"},"modified":"2022-01-19T12:43:12","modified_gmt":"2022-01-19T10:43:12","slug":"impressum","status":"publish","type":"page","link":"https:\/\/www.mennekes-jungenarbeit.de\/?page_id=11","title":{"rendered":"Impressum"},"content":{"rendered":"<hr \/>\n<p>Ulrich Mennekes<br \/>\nS\u00fcdallee 55<br \/>\n40593 D\u00fcsseldorf<br \/>\nTel.-AB: 0211 \/ 70 222 99<\/p>\n<p>Verantwortlich: Ulrich Mennekes<\/p>\n<p>Alle Inhalte sind urheberrechtlich gesch\u00fctzt<\/p>\n<p><strong>Keine Abmahnung ohne vorherige Kontaktaufnahme<\/strong><br \/>\nSollte der Inhalt oder die Aufmachung unserer Webpr\u00e4senz fremde Rechte Dritter oder gesetzliche Bestimmungen trotz unserer erfolgten, dahingehenden Pr\u00fcfungen tats\u00e4chlich verletzen, so bitten wir Sie um eine entsprechende Nachricht ohne Kostennote!<br \/>\nWir sagen Ihnen zu, dass wir die zu Recht beanstandeten Passagen unverz\u00fcglich entfernen- bzw. \u00e4ndern werden, ohne dass von Ihrer Seite die Einschaltung eines Rechtsbeistandes erforderlich ist.<br \/>\nDennoch von Ihnen ohne vorherige Kontaktaufnahme mit uns ausgel\u00f6ste Kostennoten werden wir vollumf\u00e4nglich zur\u00fcckweisen. Wir danken Ihnen f\u00fcr Ihr Verst\u00e4ndnis.<\/p>\n<p><strong>Haftungsausschluss<\/strong><br \/>\n1. Inhalt des Onlineangebotes<br \/>\nDer Autor \u00fcbernimmt keinerlei Gew\u00e4hr f\u00fcr die Aktualit\u00e4t, Korrektheit,<br \/>\nVollst\u00e4ndigkeit oder Qualit\u00e4t der bereitgestellten Informationen.<br \/>\nHaftungsanspr\u00fcche gegen den Autor, welche sich auf Sch\u00e4den materieller<br \/>\noder ideeller Art beziehen, die durch die Nutzung oder Nichtnutzung<br \/>\nder dargebotenen Informationen bzw. durch die Nutzung fehlerhafter und<br \/>\nunvollst\u00e4ndiger Informationen verursacht wurden, sind grunds\u00e4tzlich<br \/>\nausgeschlossen, sofern seitens des Autors kein nachweislich vors\u00e4tzliches<br \/>\noder grob fahrl\u00e4ssiges Verschulden vorliegt.<br \/>\nAlle Angebote sind freibleibend und unverbindlich. Der Autor beh\u00e4lt<br \/>\nes sich ausdr\u00fccklich vor, Teile der Seiten oder das gesamte Angebot<br \/>\nohne gesonderte Ank\u00fcndigung zu ver\u00e4ndern, zu erg\u00e4nzen, zu l\u00f6schen oder die<br \/>\nVer\u00f6ffentlichung zeitweise oder endg\u00fcltig einzustellen.<\/p>\n<p><strong>2. Verweise und Links<\/strong><br \/>\nBei direkten oder indirekten Verweisen auf fremde Webseiten<br \/>\n(\u201cHyperlinks\u201d), die au\u00dferhalb des Verantwortungsbereiches des Autors<br \/>\nliegen, w\u00fcrde eine Haftungsverpflichtung ausschlie\u00dflich in dem Fall<br \/>\nin Kraft treten, in dem der Autor von den Inhalten Kenntnis hat und<br \/>\nes ihm technisch m\u00f6glich und zumutbar w\u00e4re, die Nutzung im Falle<br \/>\nrechtswidriger Inhalte zu verhindern.<br \/>\nDer Autor erkl\u00e4rt hiermit ausdr\u00fccklich, dass zum Zeitpunkt der Linksetzung<br \/>\nkeine illegalen Inhalte auf den zu verlinkenden Seiten erkennbar waren.<br \/>\nAuf die aktuelle und zuk\u00fcnftige Gestaltung, die Inhalte oder die<br \/>\nUrheberschaft der verlinkten\/verkn\u00fcpften Seiten hat der Autor keinerlei<br \/>\nEinfluss. Deshalb distanziert er sich hiermit ausdr\u00fccklich von allen<br \/>\nInhalten aller verlinkten \/verkn\u00fcpften Seiten, die nach der Linksetzung<br \/>\nver\u00e4ndert wurden. Diese Feststellung gilt f\u00fcr alle innerhalb des eigenen<br \/>\nInternetangebotes gesetzten Links und Verweise sowie f\u00fcr Fremdeintr\u00e4ge<br \/>\nin vom Autor eingerichteten G\u00e4steb\u00fcchern, Diskussionsforen, Linkverzeichnissen,<br \/>\nMailinglisten und in allen anderen Formen von Datenbanken, auf deren<br \/>\nInhalt externe Schreibzugriffe m\u00f6glich sind. F\u00fcr illegale, fehlerhafte<br \/>\noder unvollst\u00e4ndige Inhalte und insbesondere f\u00fcr Sch\u00e4den, die aus der<br \/>\nNutzung oder Nichtnutzung solcherart dargebotener Informationen entstehen,<br \/>\nhaftet allein der Anbieter der Seite, auf welche verwiesen wurde, nicht<br \/>\nderjenige, der \u00fcber Links auf die jeweilige Ver\u00f6ffentlichung lediglich verweist.<\/p>\n<p><strong>3. Urheber- und Kennzeichenrecht<\/strong><br \/>\nDer Autor ist bestrebt, in allen Publikationen die Urheberrechte der<br \/>\nverwendeten Grafiken, Tondokumente, Videosequenzen und Texte zu beachten,<br \/>\nvon ihm selbst erstellte Grafiken, Tondokumente, Videosequenzen und<br \/>\nTexte zu nutzen oder auf lizenzfreie Grafiken, Tondokumente, Videosequenzen<br \/>\nund Texte zur\u00fcckzugreifen.<br \/>\nAlle innerhalb des Internetangebotes genannten und ggf. durch Dritte<br \/>\ngesch\u00fctzten Marken- und Warenzeichen unterliegen uneingeschr\u00e4nkt den<br \/>\nBestimmungen des jeweils g\u00fcltigen Kennzeichenrechts und den Besitzrechten der<br \/>\njeweiligen eingetragenen Eigent\u00fcmer. Allein aufgrund der blo\u00dfen Nennung<br \/>\nist nicht der Schluss zu ziehen, dass Markenzeichen nicht durch Rechte<br \/>\nDritter gesch\u00fctzt sind!<br \/>\nDas Copyright f\u00fcr ver\u00f6ffentlichte, vom Autor selbst erstellte Objekte<br \/>\nbleibt allein beim Autor der Seiten. Eine Vervielf\u00e4ltigung oder Verwendung<br \/>\nsolcher Grafiken, Tondokumente, Videosequenzen und Texte in anderen<br \/>\nelektronischen oder gedruckten Publikationen ist ohne ausdr\u00fcckliche<br \/>\nZustimmung des Autors nicht gestattet.<\/p>\n<p><strong>4. Datenschutz<\/strong><br \/>\nSofern innerhalb des Internetangebotes die M\u00f6glichkeit zur Eingabe<br \/>\npers\u00f6nlicher oder gesch\u00e4ftlicher Daten (Emailadressen, Namen, Anschriften)<br \/>\nbesteht, so erfolgt die Preisgabe dieser Daten seitens des Nutzers auf<br \/>\nausdr\u00fccklich freiwilliger Basis. Die Inanspruchnahme und Bezahlung aller<br \/>\nangebotenen Dienste ist \u2013 soweit technisch m\u00f6glich und zumutbar \u2013 auch<br \/>\nohne Angabe solcher Daten bzw. unter Angabe anonymisierter Daten oder<br \/>\neines Pseudonyms gestattet. Die Nutzung der im Rahmen des Impressums<br \/>\noder vergleichbarer Angaben ver\u00f6ffentlichten Kontaktdaten wie Postanschriften,<br \/>\nTelefon- und Faxnummern sowie Emailadressen durch Dritte zur \u00dcbersendung von<br \/>\nnicht ausdr\u00fccklich angeforderten Informationen ist nicht gestattet. Rechtliche<br \/>\nSchritte gegen die Versender von sogenannten Spam-Mails bei Verst\u00f6ssen<br \/>\ngegen dieses Verbot sind ausdr\u00fccklich vorbehalten.<\/p>\n<p><strong>5. Rechtswirksamkeit dieses Haftungsausschlusses<\/strong><br \/>\nDieser Haftungsausschluss ist als Teil des Internetangebotes zu betrachten,<br \/>\nvon dem aus auf diese Seite verwiesen wurde. Sofern Teile oder einzelne<br \/>\nFormulierungen dieses Textes der geltenden Rechtslage nicht, nicht mehr oder<br \/>\nnicht vollst\u00e4ndig entsprechen sollten, bleiben die \u00fcbrigen Teile des<br \/>\nDokumentes in ihrem Inhalt und ihrer G\u00fcltigkeit davon unber\u00fchrt.<\/p>\n<hr \/>\n","protected":false},"excerpt":{"rendered":"<p>Ulrich Mennekes S\u00fcdallee 55 40593 D\u00fcsseldorf Tel.-AB: 0211 \/ 70 222 99 Verantwortlich: Ulrich Mennekes Alle Inhalte sind urheberrechtlich gesch\u00fctzt Keine Abmahnung ohne vorherige Kontaktaufnahme Sollte der Inhalt oder die Aufmachung unserer Webpr\u00e4senz fremde Rechte Dritter oder gesetzliche Bestimmungen trotz unserer erfolgten, dahingehenden Pr\u00fcfungen tats\u00e4chlich verletzen, so bitten wir Sie um eine entsprechende Nachricht ohne &hellip; <a href=\"https:\/\/www.mennekes-jungenarbeit.de\/?page_id=11\" class=\"more-link\"><span class=\"screen-reader-text\">Impressum<\/span> weiterlesen <span class=\"meta-nav\">&rarr;<\/span><\/a><\/p>\n","protected":false},"author":1,"featured_media":0,"parent":0,"menu_order":0,"comment_status":"closed","ping_status":"closed","template":"","meta":{"footnotes":""},"class_list":["post-11","page","type-page","status-publish","hentry"],"_links":{"self":[{"href":"https:\/\/www.mennekes-jungenarbeit.de\/index.php?rest_route=\/wp\/v2\/pages\/11","targetHints":{"allow":["GET"]}}],"collection":[{"href":"https:\/\/www.mennekes-jungenarbeit.de\/index.php?rest_route=\/wp\/v2\/pages"}],"about":[{"href":"https:\/\/www.mennekes-jungenarbeit.de\/index.php?rest_route=\/wp\/v2\/types\/page"}],"author":[{"embeddable":true,"href":"https:\/\/www.mennekes-jungenarbeit.de\/index.php?rest_route=\/wp\/v2\/users\/1"}],"replies":[{"embeddable":true,"href":"https:\/\/www.mennekes-jungenarbeit.de\/index.php?rest_route=%2Fwp%2Fv2%2Fcomments&post=11"}],"version-history":[{"count":14,"href":"https:\/\/www.mennekes-jungenarbeit.de\/index.php?rest_route=\/wp\/v2\/pages\/11\/revisions"}],"predecessor-version":[{"id":3099,"href":"https:\/\/www.mennekes-jungenarbeit.de\/index.php?rest_route=\/wp\/v2\/pages\/11\/revisions\/3099"}],"wp:attachment":[{"href":"https:\/\/www.mennekes-jungenarbeit.de\/index.php?rest_route=%2Fwp%2Fv2%2Fmedia&parent=11"}],"curies":[{"name":"wp","href":"https:\/\/api.w.org\/{rel}","templated":true}]}}