{"id":1448,"date":"2018-05-22T09:52:58","date_gmt":"2018-05-22T07:52:58","guid":{"rendered":"http:\/\/www.mennekes-jungenarbeit.de\/?page_id=1448"},"modified":"2021-02-02T11:43:28","modified_gmt":"2021-02-02T09:43:28","slug":"datenschutzerklaerung","status":"publish","type":"page","link":"https:\/\/www.mennekes-jungenarbeit.de\/?page_id=1448","title":{"rendered":"Datenschutzerkl\u00e4rung"},"content":{"rendered":"<p><strong>Datenschutzerkl\u00e4rung &#8211; entsprechend DSGVO<br \/>\n<\/strong><br \/>\nUns ist es ein Anliegen, Ihre Daten, welche anl\u00e4sslich Ihres Besuchs bei<br \/>\nwww.mennekes-kulturarbeit.de \/ www.mennekes-jungenarbeit.de<br \/>\nerfasst werden k\u00f6nnen, zu sch\u00fctzen. Die gesetzlichen Bestimmungen zum Schutz Ihrer Daten finden sich in der Datenschutzgrundverordnung und im Bundesdatenschutzgesetz.<\/p>\n<p>Verantwortliche Stelle im Sinne der datenschutzrechtlichen Bestimmungen ist<br \/>\nUlrich Mennekes<br \/>\nS\u00fcdallee 55<br \/>\n40593 D\u00fcsseldorf<br \/>\nTel.: 0211 \/ 70 222 99<br \/>\nE-Mail: info[at]mennekes-konzept.de<\/p>\n<p>Nachfolgend finden Sie Informationen, welche Daten w\u00e4hrend Ihres Besuchs auf den oben genannten Seiten erfasst, und wie diese genutzt werden. Sollten Sie noch Fragen haben, k\u00f6nnen Sie sich gerne an mich unter info@mennekes-konzept.de ansprechen. Sie haben zudem das Recht, sich bei tats\u00e4chlich widerrechtlicher Verwendung der Daten bei der zust\u00e4ndigen Aufsichtsbeh\u00f6rde zu informieren, bzw. zu beschweren.<br \/>\nDiese M\u00f6glichkeit haben Sie dann bei:<br \/>\nLandesbeauftragte f\u00fcr Datenschutz und Informationsfreiheit\u2028 Nordrhein-Westfalen<br \/>\nPostfach 20 04 44<br \/>\n40102 D\u00fcsseldorf<br \/>\nTel.: 0211 \/ 38424-0<br \/>\nFax: 0211 \/ 38424-10<br \/>\nE-Mail: poststelle[at]ldi.nrw.de<\/p>\n<p>1. Serverdatenerhebung<br \/>\nBeim Besuch der vorgenannten Seiten werden verschiedene Serverstatistiken automatisch gespeichert, die Ihr Browser an den Server unseres Providers \u00fcbermittelt. Unter anderem werden Name der abgerufenen Webseite, Datei, Datum und Uhrzeit des Abrufs, die \u00fcbertragene Datenmenge, Meldung \u00fcber erfolgreichen Abruf, Browsertyp nebst Version, das Betriebssystem des Nutzers, Referrer URL (die zuvor besuchte Seite), IP-Adresse und der anfragende Provider, geloggt. Diese Daten dienen der statistischen Auswertung der Besuche meiner Seite und sind f\u00fcr mich nicht bestimmten Personen zuordenbar.<br \/>\nZudem dient die Datenerfassung der Vorbeugung von Missbrauch und\/oder der Ahndung von Angriffen auf meine Webseite.<br \/>\nRechtsgrundlage der Datenerfassung ist Art. 6 I f DSGVO. Eine Zusammenf\u00fchrung dieser Daten mit anderen Datenquellen wird nicht vorgenommen. Die IP-Adresse wird anonymisiert.<br \/>\nUnser berechtigtes Interesse an der Erhebung dieser Daten begr\u00fcndet sich darin, dass wir anhand der Daten unser Angebot f\u00fcr User optimieren k\u00f6nnen, indem wir z.B. Zugriffe von Schadseiten verhindern oder den Zugriff \u00fcber bestimmte Browser optimieren k\u00f6nnen, und durch den Log der IP-Adresse die Auslieferung der Seite an den Besucher erst erm\u00f6glicht wird.<br \/>\nSie haben grunds\u00e4tzlich ein Recht auf Widerspruch dieser Datenerhebung. Dieses kommt hier ausnahmsweise faktisch nicht in Betracht, da ansonsten die Nutzung der Seite unm\u00f6glich w\u00e4re. Die Daten werden gel\u00f6scht, sobald diese f\u00fcr die oben angef\u00fchrten Zwecke nicht mehr ben\u00f6tigt werden.<\/p>\n<p>2. Nutzung und Weitergabe personenbezogener Daten<br \/>\na. Allgemeines<br \/>\nSoweit Sie uns personenbezogene Daten zur Verf\u00fcgung gestellt haben, verwenden wir diese zur Beantwortung Ihrer Anfragen, zur Beratung und Abwicklung mit Ihnen geschlossener Vertr\u00e4ge und f\u00fcr die technische Administration. Ihre personenbezogenen Daten werden an Dritte nur weitergegeben oder sonst \u00fcbermittelt, wenn dies zum Zwecke der Vertragsabwicklung erforderlich ist, dies zu Abrechnungszwecken erforderlich ist oder Sie zuvor eingewilligt haben. Sie haben das Recht, eine erteilte Einwilligung mit Wirkung f\u00fcr die Zukunft jederzeit zu widerrufen, siehe auch Ziffer 4 zu Ihren Betroffenenrechten.<\/p>\n<p>b. Vertragsabwicklung<br \/>\nIm Rahmen von mit Ihnen geschlossener Vertr\u00e4ge \u00fcber den Erwerb von Leistungen in zum Beispiel Projekten, Fotografien und\/oder Medienerzeugnissen erhebe und speichere ich die von Ihnen \u00fcbermittelten personenbezogenen Daten zum Zwecke der Vertragsabwicklung, z.B. auch zur Rechnungslegung. Eine Weitergabe der Daten erfolgt im Rahmen der Abrechnung an Banken. Die Abrechnungsdaten werden im Rahmen der steuergesetzlichen Vorgaben an unser Steuerb\u00fcro und auch das Finanzamt \u00fcbertragen.<br \/>\nRechtsgrundlage f\u00fcr die Erhebung und Verarbeitung der Daten ist im Rahmen der Vertragsabwicklung Art. 6 I (b) DSGVO. Die Rechtsgrundlage f\u00fcr die \u00dcbertragung der Daten an Steuerb\u00fcro und Finanzamt ist Art. 6 I (c) DSGVO. Die L\u00f6schung dieser Daten erfolgt nach Ablauf der geltenden gesetzlichen Aufbewahrungspflichten. Soweit uns keine gesetzlichen Aufbewahrungspflichten treffen, erfolgt die L\u00f6schung der Daten mit Wegfall des Zwecks.<\/p>\n<p>c. Kontaktformular und Anfrage per E-Mail<br \/>\nBei Nutzung meines Kontaktformulars erhebe und speichere ich den Namen und die E-Mail Adresse zum Zwecke der Beantwortung Ihrer Anfrage. Die Angabe der Telefonnummer f\u00fcr einen R\u00fcckruf ist optional. Senden Sie mir eine Kontaktanfrage per E-Mail, erhebe und speichere ich die E-Mail-Adresse und die in der E-Mail enthaltenen Daten zum Zwecke der Beantwortung Ihrer Anfrage.<br \/>\nRechtsgrundlage ist Art. 6 I (a) DSGVO, da Sie bei Verwendung des Formulars in die o.a. Verarbeitung ihrer Daten einwilligen. Die L\u00f6schung der Daten erfolgt, wenn der Zweck der Speicherung entfallen ist, also nach Beantwortung Ihrer E-Mail-\/Kontaktformular-Anfrage bzw. wenn die mit der Anfrage verbundene Angelegenheit abschlie\u00dfend gekl\u00e4rt ist. Sie haben das Recht, die erteilte Einwilligung jederzeit zu widerrufen, ohne dass die Rechtm\u00e4\u00dfigkeit der aufgrund der Einwilligung erfolgten Verarbeitung ber\u00fchrt wird. Zum Anspruch auf L\u00f6schung und Auskunft, s. unten Ziffer 4 zu Ihren Betroffenenrechten.<\/p>\n<p>3. Cookies<br \/>\nDiese Seite verwendet keine Cookies.<\/p>\n<p>4. Betroffenenrechte<br \/>\na. Auskunftsrechte<br \/>\nSie haben jederzeit das Recht auf unentgeltliche Auskunft \u00fcber die von uns \u00fcber Sie gespeicherten personenbezogenen Daten. Sie k\u00f6nnen \u00fcber folgende Informationen Auskunft verlangen. Wir haben die Auskunft binnen Monatsfrist zu erteilen:<br \/>\n1) die Zwecke, zu denen die personenbezogenen Daten verarbeitet werden;<br \/>\n2) die Kategorien von personenbezogenen Daten, welche verarbeitet werden;<br \/>\n3) die Empf\u00e4nger bzw. die Kategorien von Empf\u00e4ngern, gegen\u00fcber denen die Sie betreffenden personenbezogenen Daten offengelegt wurden oder noch offengelegt werden;<br \/>\n4) die geplante Dauer der Speicherung der Sie betreffenden personenbezogenen Daten oder, falls konkrete Angaben hierzu nicht m\u00f6glich sind, Kriterien f\u00fcr die Festlegung der Speicherdauer;<br \/>\n5) das Bestehen eines Rechts auf Berichtigung oder L\u00f6schung der Sie betreffenden personenbezogenen Daten, eines Rechts auf Einschr\u00e4nkung der Verarbeitung durch den Verantwortlichen oder eines Widerspruchsrechts gegen diese Verarbeitung;<br \/>\n6) das Bestehen eines Beschwerderechts bei einer Aufsichtsbeh\u00f6rde;<br \/>\n7) alle verf\u00fcgbaren Informationen \u00fcber die Herkunft der Daten, wenn die personenbezogenen Daten nicht bei der betroffenen Person erhoben werden;<br \/>\n8) das Bestehen einer automatisierten Entscheidungsfindung einschlie\u00dflich Profiling gem\u00e4\u00df Art.22 Abs.1 und 4 DSGVO und \u2013 zumindest in diesen F\u00e4llen \u2013 aussagekr\u00e4ftige Informationen \u00fcber die involvierte Logik sowie die Tragweite und die angestrebten Auswirkungen einer derartigen Verarbeitung f\u00fcr die betroffene Person.<br \/>\nIch mache darauf aufmerksam, dass derartige automatisierte Entscheidungsfindungen unsererseits nicht stattfinden.<br \/>\n9) dar\u00fcber, ob die Sie betreffenden personenbezogenen Daten in ein Drittland oder an eine internationale Organisation \u00fcbermittelt werden. In diesem Zusammenhang k\u00f6nnen Sie verlangen, \u00fcber die geeigneten Garantien gem. Art.46 DSGVO im Zusammenhang mit der \u00dcbermittlung unterrichtet zu werden.<br \/>\nb, Recht auf Berichtigung<br \/>\nSie haben das Recht, von mir unverz\u00fcglich die Berichtigung Sie betreffender unrichtiger personenbezogener bzw. die Vervollst\u00e4ndigung unvollst\u00e4ndiger personenbezogener Daten zu verlangen.<\/p>\n<p>c. Recht auf L\u00f6schung Anspruch auf L\u00f6schung<br \/>\nSie haben das Recht, dass die Sie betreffenden personenbezogenen Daten unverz\u00fcglich gel\u00f6scht werden, und wir sind verpflichtet, diese Daten unverz\u00fcglich zu l\u00f6schen, sofern einer der folgenden Gr\u00fcnde zutrifft:<br \/>\n1) Die Sie betreffenden personenbezogenen Daten sind f\u00fcr die Zwecke, f\u00fcr die sie erhoben oder auf sonstige Weise verarbeitet wurden, nicht mehr notwendig.<br \/>\n2) Sie widerrufen Ihre Einwilligung, auf die sich die Verarbeitung gem. Art. 6 I (a) st\u00fctzte, und es fehlt an einer anderweitigen Rechtsgrundlage f\u00fcr die Verarbeitung.<br \/>\n3) Sie legen gem. Art. 21 I DSGVO Widerspruch gegen die Verarbeitung Ihrer Daten, die wir auf Grundlage unserer dargelegten berechtigten Interessen (z.B. bei Google Analytics) erheben, ein und es liegen keine vorrangigen berechtigten Gr\u00fcnde f\u00fcr die Verarbeitung vor, oder Sie legen gem. Art.21 II DSGVO Widerspruch gegen die Verarbeitung im Rahmen der Direktwerbung ein.<br \/>\n4) Die Sie betreffenden personenbezogenen Daten wurden von uns unrechtm\u00e4\u00dfig, zum Beispiel ohne Einwilligung oder ohne berechtigte Interessen, verarbeitet.<br \/>\n5) Die L\u00f6schung der Sie betreffenden personenbezogenen Daten ist zur Erf\u00fcllung einer uns treffenden rechtlichen Verpflichtung nach dem Unionsrecht oder nach dem deutschen Recht erforderlich.<br \/>\n6) Die Daten wurden im Rahmen von angebotenen Dienste der Informationsgesellschaft gegen\u00fcber Ihnen als Minderj\u00e4hriger gem\u00e4\u00df Art.8 ADSGVO erhoben.<br \/>\nHaben wir personenbezogene Daten von Ihnen ver\u00f6ffentlicht, sind wir aus einem der vorgenannten Gr\u00fcnde zur L\u00f6schung verpflichtet, so werden wir die Unternehmen, auf deren Internetseiten die Daten ver\u00f6ffentlicht wurden, \u00fcber Ihren Wunsch auf L\u00f6schung in angemessener Art und Weise informieren und darlegen, dass Sie als betroffene Person von mir die L\u00f6schung aller Links zu diesen Daten sowie die L\u00f6schung aller Kopien oder Replikationen verlangt haben.<\/p>\n<p>Ausnahmen<br \/>\nDas Recht auf L\u00f6schung besteht nicht, soweit die Verarbeitung erforderlich ist:<br \/>\n1) zur Aus\u00fcbung des Rechts auf freie Meinungs\u00e4u\u00dferung und Information;<br \/>\n2) zur Erf\u00fcllung einer rechtlichen Verpflichtung, die die Verarbeitung nach dem Recht der Union oder dem deutschen Recht erfordert, z.B. im Rahmen der steuerrechtlichen Aufbewahrungspflichten, oder zur Wahrnehmung einer Aufgabe, die im \u00f6ffentlichen Interesse liegt oder in Aus\u00fcbung \u00f6ffentlicher Gewalt erfolgt, die uns \u00fcbertragen wurde;<br \/>\n3) aus Gr\u00fcnden des \u00f6ffentlichen Interesses im Bereich der \u00f6ffentlichen Gesundheit gem\u00e4\u00df Art. Art.9 II (h) und (i) sowie Art.9 III DSGVO;<br \/>\n4) f\u00fcr im \u00f6ffentlichen Interesse liegende Archivzwecke, wissenschaftliche oder historische Forschungszwecke oder f\u00fcr statistische Zwecke gem. Art.89 (I) DSGVO, soweit das Recht auf L\u00f6schung voraussichtlich die Verwirklichung der Ziele dieser Verarbeitung unm\u00f6glich macht oder ernsthaft beeintr\u00e4chtigt, oder<br \/>\n5) zur Geltendmachung, Aus\u00fcbung oder Verteidigung von Rechtsanspr\u00fcchen, zum Beispiel in Gerichtsverfahren.<br \/>\nd. Recht auf Einschr\u00e4nkung der Datenverarbeitung<\/p>\n<p>Sie haben das Recht, von uns die Einschr\u00e4nkung der Verarbeitung zu verlangen, wenn eine der folgenden Voraussetzungen gegeben ist:<br \/>\n1) Wenn Sie die Richtigkeit der personenbezogenen Daten bestreiten, und zwar f\u00fcr eine Dauer, die es mir erm\u00f6glicht, die Richtigkeit der personenbezogenen Daten zu \u00fcberpr\u00fcfen,<br \/>\n2) Wenn die Verarbeitung unrechtm\u00e4\u00dfig ist und Sie die L\u00f6schung der personenbezogenen Daten ablehnen und stattdessen die Einschr\u00e4nkung der Nutzung der personenbezogenen Daten verlangen.<br \/>\n3) Wenn wir die personenbezogenen Daten f\u00fcr die Zwecke der Verarbeitung nicht l\u00e4nger ben\u00f6tigen, Sie sie jedoch zur Geltendmachung, Aus\u00fcbung oder Verteidigung von Rechtsanspr\u00fcchen ben\u00f6tigten.<br \/>\n4) Wenn Sie Widerspruch gegen die Verarbeitung Ihrer personenbezogenen Daten, die wir auf Grundlage unserer dargelegten berechtigten Interessen (zum Beispiel bei Google Analytics) erhebe, eingelegt haben, solange noch nicht feststeht, ob unsere berechtigten Gr\u00fcnde gegen\u00fcber Ihren Rechten \u00fcberwiegen. Wurde die Verarbeitung gem\u00e4\u00df der vorgenannten Gr\u00fcnde eingeschr\u00e4nkt, so d\u00fcrfen diese personenbezogenen Daten \u2013 von ihrer Speicherung abgesehen \u2013 nur mit Ihrer Einwilligung oder zur Geltendmachung, Aus\u00fcbung oder Verteidigung von Rechtsanspr\u00fcchen oder zum Schutz der Rechte einer anderen nat\u00fcrlichen oder juristischen Person (GmbH, AG etc.) oder aus Gr\u00fcnden eines wichtigen \u00f6ffentlichen Interesses der Union oder eines Mitgliedstaats verarbeitet werden. Wenn Sie die Einschr\u00e4nkung der Verarbeitung erwirkt haben, werden Sie von uns unterrichtet, bevor die Einschr\u00e4nkung aufgehoben wird.<\/p>\n<p>e. Mitteilungspflicht<br \/>\nHaben Sie das Recht auf Berichtigung, L\u00f6schung oder Einschr\u00e4nkung der Verarbeitung uns gegen\u00fcber geltend gemacht, sind wir verpflichtet, allen Empf\u00e4ngern, denen die Sie betreffenden personenbezogenen Daten offengelegt wurden, diese Berichtigung oder L\u00f6schung der Daten oder Einschr\u00e4nkung der Verarbeitung mitzuteilen, es sei denn, dies erweist sich als unm\u00f6glich oder ist mit einem unverh\u00e4ltnism\u00e4\u00dfigen Aufwand verbunden. Ihnen steht mir gegen\u00fcber das Recht zu, \u00fcber diese Empf\u00e4nger unterrichtet zu werden.<\/p>\n<p>f. Recht auf \u00dcbertragbarkeit<br \/>\nSie haben das Recht, die Sie betreffenden personenbezogenen Daten, die Sie uns bereitgestellt haben, in einem strukturierten, g\u00e4ngigen und maschinenlesbaren Format zu erhalten. Au\u00dferdem haben Sie das Recht diese Daten einem anderen Unternehmen ohne Behinderung durch uns zu \u00fcbermitteln, sofern<br \/>\n1) die Verarbeitung auf einer Einwilligung gem. Art. 6 (I) DSGVO oder auf einem Vertrag gem. Art.6 I (b) DSGVO beruht und<br \/>\n2) die Verarbeitung mithilfe automatisierter Verfahren erfolgt. In Aus\u00fcbung dieses Rechts haben Sie ferner das Recht, zu erwirken, dass die Sie betreffenden personenbezogenen Daten direkt von uns einem anderen Unternehmen \u00fcbermittelt werden, soweit dies technisch machbar ist. Freiheiten und Rechte anderer Personen d\u00fcrfen hierdurch nicht beeintr\u00e4chtigt werden. Das Recht auf Daten\u00fcbertragbarkeit gilt nicht f\u00fcr eine Verarbeitung personenbezogener Daten, die f\u00fcr die Wahrnehmung einer Aufgabe erforderlich ist, die im \u00f6ffentlichen Interesse liegt oder in Aus\u00fcbung \u00f6ffentlicher Gewalt erfolgt, die uns \u00fcbertragen wurde.<\/p>\n<p>g. Widerspruchsrecht<br \/>\nSie haben das Recht, aus Gr\u00fcnden, die sich aus ihrer besonderen Situation ergeben, jederzeit gegen die Verarbeitung der Sie betreffenden personenbezogenen Daten, die aufgrund von Art. 6 I<br \/>\ne) &#8211; erforderliche Verarbeitung aufgrund einer im \u00f6ffentlichen Interesse liegenden Aufgabe- oder<br \/>\nf) DSGVO \u2013 Verarbeitung unter Darlegung unseres berechtigten Interesses, zum Beispiel beim Online-Marketing &#8211; erfolgt, Widerspruch einzulegen; dies gilt auch f\u00fcr ein auf diese Bestimmungen gest\u00fctztes Profiling. Wir verarbeiten die Sie betreffenden personenbezogenen Daten nicht mehr, es sei denn, wir k\u00f6nnen zwingende schutzw\u00fcrdige Gr\u00fcnde f\u00fcr die Verarbeitung nachweisen, die Ihren Interessen, Rechte und Freiheiten \u00fcberwiegen, oder die Verarbeitung dient der Geltendmachung, Aus\u00fcbung oder Verteidigung von Rechtsanspr\u00fcchen. Werden die Sie betreffenden personenbezogenen Daten verarbeitet, um Direktwerbung zu betreiben, haben Sie das Recht, jederzeit Widerspruch gegen die Verarbeitung der Sie betreffenden personenbezogenen Daten zum Zwecke derartiger Werbung einzulegen; dies gilt auch f\u00fcr das Profiling, soweit es mit solcher Direktwerbung in Verbindung steht. Widersprechen Sie der Verarbeitung f\u00fcr Zwecke der Direktwerbung, so werden die Sie betreffenden personenbezogenen Daten nicht mehr f\u00fcr diese Zwecke verarbeitet. Sie haben die M\u00f6glichkeit, im Zusammenhang mit der Nutzung von Diensten der Informationsgesellschaft \u2013 ungeachtet der Richtlinie 2002\/58\/EG \u2013 Ihr Widerspruchsrecht mittels automatisierter Verfahren auszu\u00fcben, bei denen technische Spezifikationen verwendet werden.<\/p>\n<p>h. Recht auf Widerruf der datenschutzrechtlichen Einwilligungserkl\u00e4rung<br \/>\nSie haben das Recht, Ihre datenschutzrechtliche Einwilligungserkl\u00e4rung jederzeit zu widerrufen. Durch den Widerruf der Einwilligung wird die Rechtm\u00e4\u00dfigkeit der aufgrund der Einwilligung bis zum Widerruf erfolgten Verarbeitung nicht ber\u00fchrt.<\/p>\n<p>i. Ansprechpartner f\u00fcr Betroffenenrechte<br \/>\nSoweit ich Ihnen die Aus\u00fcbung Ihrer Rechte nicht unmittelbar im Rahmen der Verarbeitung erm\u00f6gliche, k\u00f6nnen Sie sich bitte an uns\/mich unter info@mennekes-konzept.de oder postalisch unter der im Impressum angegebenen Adresse wenden.<\/p>\n","protected":false},"excerpt":{"rendered":"<p>Datenschutzerkl\u00e4rung &#8211; entsprechend DSGVO Uns ist es ein Anliegen, Ihre Daten, welche anl\u00e4sslich Ihres Besuchs bei www.mennekes-kulturarbeit.de \/ www.mennekes-jungenarbeit.de erfasst werden k\u00f6nnen, zu sch\u00fctzen. Die gesetzlichen Bestimmungen zum Schutz Ihrer Daten finden sich in der Datenschutzgrundverordnung und im Bundesdatenschutzgesetz. Verantwortliche Stelle im Sinne der datenschutzrechtlichen Bestimmungen ist Ulrich Mennekes S\u00fcdallee 55 40593 D\u00fcsseldorf Tel.: 0211 &hellip; <a href=\"https:\/\/www.mennekes-jungenarbeit.de\/?page_id=1448\" class=\"more-link\"><span class=\"screen-reader-text\">Datenschutzerkl\u00e4rung<\/span> weiterlesen <span class=\"meta-nav\">&rarr;<\/span><\/a><\/p>\n","protected":false},"author":1,"featured_media":0,"parent":0,"menu_order":0,"comment_status":"closed","ping_status":"closed","template":"","meta":{"footnotes":""},"class_list":["post-1448","page","type-page","status-publish","hentry"],"_links":{"self":[{"href":"https:\/\/www.mennekes-jungenarbeit.de\/index.php?rest_route=\/wp\/v2\/pages\/1448","targetHints":{"allow":["GET"]}}],"collection":[{"href":"https:\/\/www.mennekes-jungenarbeit.de\/index.php?rest_route=\/wp\/v2\/pages"}],"about":[{"href":"https:\/\/www.mennekes-jungenarbeit.de\/index.php?rest_route=\/wp\/v2\/types\/page"}],"author":[{"embeddable":true,"href":"https:\/\/www.mennekes-jungenarbeit.de\/index.php?rest_route=\/wp\/v2\/users\/1"}],"replies":[{"embeddable":true,"href":"https:\/\/www.mennekes-jungenarbeit.de\/index.php?rest_route=%2Fwp%2Fv2%2Fcomments&post=1448"}],"version-history":[{"count":5,"href":"https:\/\/www.mennekes-jungenarbeit.de\/index.php?rest_route=\/wp\/v2\/pages\/1448\/revisions"}],"predecessor-version":[{"id":2524,"href":"https:\/\/www.mennekes-jungenarbeit.de\/index.php?rest_route=\/wp\/v2\/pages\/1448\/revisions\/2524"}],"wp:attachment":[{"href":"https:\/\/www.mennekes-jungenarbeit.de\/index.php?rest_route=%2Fwp%2Fv2%2Fmedia&parent=1448"}],"curies":[{"name":"wp","href":"https:\/\/api.w.org\/{rel}","templated":true}]}}