{"id":196,"date":"2015-09-22T11:12:44","date_gmt":"2015-09-22T09:12:44","guid":{"rendered":"http:\/\/www.mennekes-jungenarbeit.de\/?page_id=196"},"modified":"2024-03-12T13:55:52","modified_gmt":"2024-03-12T11:55:52","slug":"offene-ganztagsschule","status":"publish","type":"page","link":"https:\/\/www.mennekes-jungenarbeit.de\/?page_id=196","title":{"rendered":"OGS\/Offene Ganztagsschule"},"content":{"rendered":"<hr \/>\n<p>Seit nunmehr mehr als 17 Jahren Angebote im GGS- und OGS-Bereich &#8211; als vom Kulturamt der Landeshauptstadt D\u00fcsseldorf qualifizierter und zertifizierter Anbieter (u. a.) von <strong>\u201cK\u00fcnstlerischen Angeboten im Offenen Ganztag im <\/strong><strong>Primarbereich\u201d<\/strong>. <br \/>Siehe auch unter &#8211; <strong>D\u00fcsseldorfer Modell\u00a0<\/strong>&#8211;\u00a0und K\u00fcnstlerpool\/K\u00fcnstlerliste des Kulturamtes der Landeshauptstadt D\u00fcsseldorf.<\/p>\n<hr \/><hr \/><hr \/>\n<h3>Hauptsache drau\u00dfen &#8211; auch im Schuljahr 2023\/2024<\/h3>\n<p>Hauptsache drau\u00dfen, tats\u00e4chlich. Daher &#8211; im Wechsel durchgef\u00fchrt &#8211; <strong>gemeinsame Stadtteil-Erkundungen im Quartier der Kinder<\/strong>. Dort gibt es immer wieder etwas zu entdecken. Tats\u00e4chlich! Daher auch &#8211;\u00a0<strong>Hof- und Bewegungsspiele. <\/strong>Diese\u00a0m\u00f6glichst auf Pl\u00e4tzen, die den Schule nahe gelegen sind.\u00a0<br \/>Die Projekte (mit verschiedenen Stunden-Ausstattungen)\u00a0werden sehr gut angenommen &#8211; von den Sch\u00fclerinnen und Sch\u00fclern an drei St\u00e4dtischen Schulen im D\u00fcsseldorfer S\u00fcden. Und das liegt nicht nur an der Corona-Zeit mit ihren Abstands- und Vorsichtsma\u00dfnahmen.\u00a0<\/p>\n<p><strong>Hauptsache drau\u00dfen<\/strong> &#8211; auch im Schuljahr 2023\/2024 &#8211; vier Projekte mit Sch\u00fclerinnen und Sch\u00fclern an St\u00e4dtischen Bildungseinrichtungen im D\u00fcsseldorfer S\u00fcden.<br \/>Projektidee, Konzeption und Realisation: \u00a9 Ulrich Mennekes, Dipl. Designer, Jungenarbeiter, Deeskalationstrainer <a href=\"http:\/\/www.mennekes-jungenarbeit.de\">www.mennekes-kulturarbeit.de<\/a>\u00a0<\/p>\n<hr \/>\n<h3>Sommer-Ferien-Projekt in D\u00fcsseldorf-Garath<\/h3>\n<p><strong>Drau\u00dfen sein, Stadtteilerkundung und Schlechtwetter-Angebot<\/strong><\/p>\n<figure id=\"attachment_2848\" aria-describedby=\"caption-attachment-2848\" style=\"width: 1000px\" class=\"wp-caption aligncenter\"><a href=\"http:\/\/www.mennekes-jungenarbeit.de\/wp-content\/uploads\/2021\/12\/OGS_Adam_Stegerwald_Ferien_07_2021_web.jpg\"><img loading=\"lazy\" decoding=\"async\" class=\"wp-image-2848 size-full\" src=\"http:\/\/www.mennekes-jungenarbeit.de\/wp-content\/uploads\/2021\/12\/OGS_Adam_Stegerwald_Ferien_07_2021_web.jpg\" alt=\"\" width=\"1000\" height=\"911\" srcset=\"https:\/\/mennekes-jungenarbeit.de\/wp-content\/uploads\/2021\/12\/OGS_Adam_Stegerwald_Ferien_07_2021_web.jpg 1000w, https:\/\/mennekes-jungenarbeit.de\/wp-content\/uploads\/2021\/12\/OGS_Adam_Stegerwald_Ferien_07_2021_web-300x273.jpg 300w, https:\/\/mennekes-jungenarbeit.de\/wp-content\/uploads\/2021\/12\/OGS_Adam_Stegerwald_Ferien_07_2021_web-768x700.jpg 768w\" sizes=\"auto, (max-width: 1000px) 100vw, 1000px\" \/><\/a><figcaption id=\"caption-attachment-2848\" class=\"wp-caption-text\">Berichterstattung von Simona Meier in der Rheinischen Post vom 26.07.2021. RP-Foto: Anne Orten.<\/figcaption><\/figure>\n<p>Das Sommer-<strong>Ferien-Projekt<\/strong> mit den Sch\u00fclerinnen und Sch\u00fcler der St\u00e4dt. GGS\/OGS, Adam-Stegerwald-Stra\u00dfe in D\u00fcsseldorf-Garath bestand darin: <strong>Drau\u00dfen sein, Stadtteilerkundung und Werken &#8211; auch auf dem Abi\/St\u00e4dtischen Abenteuerspielplatz <\/strong>in D\u00fcsseldorf-Garath.<br \/>Das alternative <strong>Schlechtwetter-Angebo<\/strong>t kam dann doch auch noch zum Tragen: Die gemeinsame Planung und der\u00a0<strong>Bau einer Kugelbahn, <\/strong>die die kullernden Murmeln durch den gesamten Raum f\u00fchrt. Es ist also gemeinsam geplant, anschlie\u00dfend mit ganz verschiedenen Materialien &#8211; mit K\u00fcchenrollen-Kernen, mit Dachrinnen und Rohren, mit verschiedenen Baumaterialien &#8211; sowie viel Klebeband, gebaut worden. Alle &#8222;Ferien-Kinder&#8220; waren von dem gemeinsam realisierten Bau-Projekt der &#8222;raumf\u00fcllenden&#8220; Kugelbahn begeistert.<\/p>\n<p>Projektf\u00f6rderung durch das Kulturamt der Landeshauptstadt D\u00fcsseldorf, dem <strong>D\u00fcsseldorfer Modell<\/strong>.\u00a0<br \/>Mennekes machen weitere Angebote an D\u00fcsseldorfer Schulen &#8211; diese sind im <strong>K\u00fcnstlerpool (K\u00fcnstlerliste) des Kulturamtes<\/strong> zu sehen.<br \/>Projektidee, Konzeption und Realisation: \u00a9 Ulrich Mennekes, Dipl. Designer, Jungenarbeiter, Deeskalationstrainer <a href=\"http:\/\/www.mennekes-jungenarbeit.de\">www.mennekes-kulturarbeit.de<\/a>\u00a0<br \/>\u00a0Berichterstattung der Rheinischen Post am 26.07.2021. RP-Text: Simona Meier. RP-Foto: Anne Orten.<\/p>\n<hr \/>\n<h3>Projekt: Garath-Erkundung<\/h3>\n<p><strong>Fotografie, Portraitfotografie und Stadtteilerkundung<\/strong><br \/>Angebot an Sch\u00fclerinnen und Sch\u00fcler der St\u00e4dt. Montessori-GS\/MGS, Emil-Barth-Stra\u00dfe in D\u00fcsseldorf-Garath.<\/p>\n<figure id=\"attachment_389\" aria-describedby=\"caption-attachment-389\" style=\"width: 1000px\" class=\"wp-caption alignnone\"><a href=\"http:\/\/www.mennekes-jungenarbeit.de\/wp-content\/uploads\/2015\/09\/Monte_0321_b_WebMed.jpg\"><img loading=\"lazy\" decoding=\"async\" class=\"wp-image-389 size-full\" src=\"http:\/\/www.mennekes-jungenarbeit.de\/wp-content\/uploads\/2015\/09\/Monte_0321_b_WebMed.jpg\" alt=\"Monte_0321_b_WebMed\" width=\"1000\" height=\"664\" srcset=\"https:\/\/mennekes-jungenarbeit.de\/wp-content\/uploads\/2015\/09\/Monte_0321_b_WebMed.jpg 1000w, https:\/\/mennekes-jungenarbeit.de\/wp-content\/uploads\/2015\/09\/Monte_0321_b_WebMed-300x199.jpg 300w\" sizes=\"auto, (max-width: 1000px) 100vw, 1000px\" \/><\/a><figcaption id=\"caption-attachment-389\" class=\"wp-caption-text\">Kulturarbeit und Stadtteilerkundung in der OGS. Foto: \u00a9 Ulrich Mennekes<\/figcaption><\/figure>\n<p>Projektf\u00f6rderung durch das Kulturamt der Landeshauptstadt D\u00fcsseldorf, Projekt K\u00fcnstler an Schulen.<br \/>Projektidee, Konzeption und Realisation: \u00a9 Ulrich Mennekes, Dipl. Designer, Jungenarbeiter, Deeskalationstrainer <a href=\"http:\/\/www.mennekes-jungenarbeit.de\">www.mennekes-kulturarbeit.de<\/a><\/p>\n<hr \/>\n<h3>Foto-Exkursionen im Stadtteil<\/h3>\n<p><strong>Stadtteilerkundung und Fotografie<\/strong><br \/>Angebot an Sch\u00fclerinnen und Sch\u00fcler der St\u00e4dt. Montessori-GS\/MGS, Emil-Barth-Stra\u00dfe in D\u00fcsseldorf-Garath.<\/p>\n<figure id=\"attachment_729\" aria-describedby=\"caption-attachment-729\" style=\"width: 604px\" class=\"wp-caption aligncenter\"><a style=\"display: inline !important;\" href=\"http:\/\/www.mennekes-jungenarbeit.de\/wp-content\/uploads\/2015\/09\/Monte_Plakat_08_15_b_Web.jpg\"><img loading=\"lazy\" decoding=\"async\" class=\"wp-image-729 size-large\" src=\"http:\/\/www.mennekes-jungenarbeit.de\/wp-content\/uploads\/2015\/09\/Monte_Plakat_08_15_b_Web-724x1024.jpg\" alt=\"Monte_Plakat_08_15_b_Web\" width=\"604\" height=\"854\" srcset=\"https:\/\/mennekes-jungenarbeit.de\/wp-content\/uploads\/2015\/09\/Monte_Plakat_08_15_b_Web-724x1024.jpg 724w, https:\/\/mennekes-jungenarbeit.de\/wp-content\/uploads\/2015\/09\/Monte_Plakat_08_15_b_Web-212x300.jpg 212w, https:\/\/mennekes-jungenarbeit.de\/wp-content\/uploads\/2015\/09\/Monte_Plakat_08_15_b_Web.jpg 1000w\" sizes=\"auto, (max-width: 604px) 100vw, 604px\" \/><\/a><figcaption id=\"caption-attachment-729\" class=\"wp-caption-text\">Kulturarbeit in der OGS. Foto: \u00a9 Ulrich Mennekes<\/figcaption><\/figure>\n<p>Projektf\u00f6rderung durch das Kulturamt der Landeshauptstadt D\u00fcsseldorf, Projekt K\u00fcnstler an Schulen.<br \/>Projektidee, Konzeption und Realisation: \u00a9 Ulrich Mennekes, Dipl. Designer, Jungenarbeiter, Deeskalationstrainer <a href=\"http:\/\/www.mennekes-jungenarbeit.de\">www.mennekes-kulturarbeit.de<\/a><\/p>\n<hr \/>\n<h3>Foto-Exkursionen im Stadtteil<\/h3>\n<p><strong>Stadtteilerkundung und Fotografie<\/strong><br \/>Angebot an Sch\u00fclerinnen und Sch\u00fcler der St\u00e4dt. Montessori-GS\/MGS, Emil-Barth-Stra\u00dfe in D\u00fcsseldorf-Garath.<\/p>\n<figure id=\"attachment_730\" aria-describedby=\"caption-attachment-730\" style=\"width: 604px\" class=\"wp-caption alignnone\"><a href=\"http:\/\/www.mennekes-jungenarbeit.de\/wp-content\/uploads\/2015\/09\/Monte_Plakat_b_Web.jpg\"><img loading=\"lazy\" decoding=\"async\" class=\"wp-image-730 size-large\" src=\"http:\/\/www.mennekes-jungenarbeit.de\/wp-content\/uploads\/2015\/09\/Monte_Plakat_b_Web-724x1024.jpg\" alt=\"Monte_Plakat_b_Web\" width=\"604\" height=\"854\" srcset=\"https:\/\/mennekes-jungenarbeit.de\/wp-content\/uploads\/2015\/09\/Monte_Plakat_b_Web-724x1024.jpg 724w, https:\/\/mennekes-jungenarbeit.de\/wp-content\/uploads\/2015\/09\/Monte_Plakat_b_Web-212x300.jpg 212w, https:\/\/mennekes-jungenarbeit.de\/wp-content\/uploads\/2015\/09\/Monte_Plakat_b_Web.jpg 1000w\" sizes=\"auto, (max-width: 604px) 100vw, 604px\" \/><\/a><figcaption id=\"caption-attachment-730\" class=\"wp-caption-text\">Kulturarbeit in der OGS. Foto: \u00a9 Ulrich Mennekes<\/figcaption><\/figure>\n<p>Projektf\u00f6rderung durch das Kulturamt der Landeshauptstadt D\u00fcsseldorf, Projekt K\u00fcnstler an Schulen.<br \/>Projektidee, Konzeption und Realisation: \u00a9 Ulrich Mennekes, Dipl. Designer, Jungenarbeiter, Deeskalationstrainer <a href=\"http:\/\/www.mennekes-jungenarbeit.de\">www.mennekes-kulturarbeit.de<\/a><\/p>\n<hr \/>\n<h3>Kunst- &amp; Krempelwerkstatt<\/h3>\n<p><strong>K\u00fcnstlerisches- und kreatives Arbeiten in der Werkstatt<\/strong><br \/>Angebote an die Sch\u00fclerinnen und Sch\u00fcler der St\u00e4dt. GGS\/OGS Schloss Benrath sowie der St\u00e4dt. Katholischen KGS St. C\u00e4cilia\/OGS, Erich-M\u00fcller-Stra\u00dfe.<\/p>\n<figure id=\"attachment_388\" aria-describedby=\"caption-attachment-388\" style=\"width: 1000px\" class=\"wp-caption alignnone\"><a href=\"http:\/\/www.mennekes-jungenarbeit.de\/wp-content\/uploads\/2015\/09\/Schloss_Plakat_A2_a_WebKl.jpg\"><img loading=\"lazy\" decoding=\"async\" class=\"wp-image-388 size-full\" src=\"http:\/\/www.mennekes-jungenarbeit.de\/wp-content\/uploads\/2015\/09\/Schloss_Plakat_A2_a_WebKl.jpg\" alt=\"Schloss_Plakat_A2_a_WebKl\" width=\"1000\" height=\"1414\" srcset=\"https:\/\/mennekes-jungenarbeit.de\/wp-content\/uploads\/2015\/09\/Schloss_Plakat_A2_a_WebKl.jpg 1000w, https:\/\/mennekes-jungenarbeit.de\/wp-content\/uploads\/2015\/09\/Schloss_Plakat_A2_a_WebKl-212x300.jpg 212w, https:\/\/mennekes-jungenarbeit.de\/wp-content\/uploads\/2015\/09\/Schloss_Plakat_A2_a_WebKl-724x1024.jpg 724w\" sizes=\"auto, (max-width: 1000px) 100vw, 1000px\" \/><\/a><figcaption id=\"caption-attachment-388\" class=\"wp-caption-text\">Kulturarbeit in der OGS. Foto: \u00a9 Ulrich Mennekes<\/figcaption><\/figure>\n<p>Projektf\u00f6rderung durch das Kulturamt der Landeshauptstadt D\u00fcsseldorf, Projekt K\u00fcnstler an Schulen.<br \/>Projektidee, Konzeption und Realisation: \u00a9 Ulrich Mennekes, Dipl. Designer, Jungenarbeiter, Deeskalationstrainer <a href=\"http:\/\/www.mennekes-jungenarbeit.de\">www.mennekes-kulturarbeit.de<\/a><\/p>\n<hr \/>\n<h3>Hof-Spiele<\/h3>\n<p><strong>Hof- und Bewegungs-Spiele auf dem Schulhof der OGS<br \/><\/strong>Mobilisierte Energien durch gemeinsame Hof- und Bewegungs-Spiele, die spannend sind, schlie\u00dflich entspannend wirken &#8211; und auch Spass machen.<br \/>Angebote an die Sch\u00fclerinnen und Sch\u00fcler der St\u00e4dt. GGS\/OGS Schloss Benrath sowie der St\u00e4dt. Katholischen KGS St. C\u00e4cilia\/OGS, Erich-M\u00fcller-Stra\u00dfe.<\/p>\n<figure id=\"attachment_978\" aria-describedby=\"caption-attachment-978\" style=\"width: 1000px\" class=\"wp-caption alignnone\"><a href=\"http:\/\/www.mennekes-jungenarbeit.de\/wp-content\/uploads\/2015\/09\/Schloss_05_15_9585_b_web.jpg\"><img loading=\"lazy\" decoding=\"async\" class=\"wp-image-978 size-full\" src=\"http:\/\/www.mennekes-jungenarbeit.de\/wp-content\/uploads\/2015\/09\/Schloss_05_15_9585_b_web.jpg\" alt=\"Schloss_05_15_9585_b_web\" width=\"1000\" height=\"750\" srcset=\"https:\/\/mennekes-jungenarbeit.de\/wp-content\/uploads\/2015\/09\/Schloss_05_15_9585_b_web.jpg 1000w, https:\/\/mennekes-jungenarbeit.de\/wp-content\/uploads\/2015\/09\/Schloss_05_15_9585_b_web-300x225.jpg 300w, https:\/\/mennekes-jungenarbeit.de\/wp-content\/uploads\/2015\/09\/Schloss_05_15_9585_b_web-768x576.jpg 768w\" sizes=\"auto, (max-width: 1000px) 100vw, 1000px\" \/><\/a><figcaption id=\"caption-attachment-978\" class=\"wp-caption-text\">Kulturarbeit in der OGS. Foto: \u00a9 Ulrich Mennekes<\/figcaption><\/figure>\n<p>Projektf\u00f6rderung durch das Kulturamt der Landeshauptstadt D\u00fcsseldorf, Projekt K\u00fcnstler an Schulen.<br \/>Projektidee, Konzeption und Realisation: \u00a9 Ulrich Mennekes, Dipl. Designer, Jungenarbeiter, Deeskalationstrainer <a href=\"http:\/\/www.mennekes-jungenarbeit.de\">www.mennekes-kulturarbeit.de<\/a><\/p>\n<hr \/>\n<h3><strong>&#8222;Meine Welt&#8220;<\/strong><\/h3>\n<p><strong>Portrait-Bild und Kollage<\/strong><br \/><strong>&#8222;Meine Welt&#8220; &#8211;\u00a0<\/strong>Erdenken und entwerfen einer Kollagen-Idee &#8222;in der ich selbst vorkomme&#8220;.<br \/>Einnehmen einer Pose &#8211; sowie die Anfertigung eines Portraitbildes. Von den Sch\u00fclerinnen und Sch\u00fclern wurde das anschlie\u00dfend ausgedruckte Portraitbild (als Hauptelement) zu einer ganz pers\u00f6nlichen Kollage gearbeitet.<br \/>Die Arbeitsergebnisse der Sch\u00fclerinnen und Sch\u00fcler werden, mit Rahmen versehen, auf den Fluren ihrer Schule pr\u00e4sentiert. Angebot an Sch\u00fclerinnen und Sch\u00fcler der St\u00e4dt. GGS\/OGS S\u00fcdallee.<\/p>\n<div id='gallery-1' class='gallery galleryid-196 gallery-columns-3 gallery-size-large'><figure class='gallery-item'>\n\t\t\t<div class='gallery-icon landscape'>\n\t\t\t\t<a href='https:\/\/www.mennekes-jungenarbeit.de\/?attachment_id=465'><img loading=\"lazy\" decoding=\"async\" width=\"604\" height=\"427\" src=\"https:\/\/mennekes-jungenarbeit.de\/wp-content\/uploads\/2015\/09\/GGS_Sued_Foto-Collage2_WebMed.jpg\" class=\"attachment-large size-large\" alt=\"\" aria-describedby=\"gallery-1-465\" srcset=\"https:\/\/mennekes-jungenarbeit.de\/wp-content\/uploads\/2015\/09\/GGS_Sued_Foto-Collage2_WebMed.jpg 1000w, https:\/\/mennekes-jungenarbeit.de\/wp-content\/uploads\/2015\/09\/GGS_Sued_Foto-Collage2_WebMed-300x212.jpg 300w\" sizes=\"auto, (max-width: 604px) 100vw, 604px\" \/><\/a>\n\t\t\t<\/div>\n\t\t\t\t<figcaption class='wp-caption-text gallery-caption' id='gallery-1-465'>\n\t\t\t\tKulturarbeit, OGS, Mennekes\n\t\t\t\t<\/figcaption><\/figure><figure class='gallery-item'>\n\t\t\t<div class='gallery-icon landscape'>\n\t\t\t\t<a href='https:\/\/www.mennekes-jungenarbeit.de\/?attachment_id=464'><img loading=\"lazy\" decoding=\"async\" width=\"604\" height=\"427\" src=\"https:\/\/mennekes-jungenarbeit.de\/wp-content\/uploads\/2015\/09\/GGS_Sued_Foto-Collage_3.jpg\" class=\"attachment-large size-large\" alt=\"\" aria-describedby=\"gallery-1-464\" srcset=\"https:\/\/mennekes-jungenarbeit.de\/wp-content\/uploads\/2015\/09\/GGS_Sued_Foto-Collage_3.jpg 1000w, https:\/\/mennekes-jungenarbeit.de\/wp-content\/uploads\/2015\/09\/GGS_Sued_Foto-Collage_3-300x212.jpg 300w\" sizes=\"auto, (max-width: 604px) 100vw, 604px\" \/><\/a>\n\t\t\t<\/div>\n\t\t\t\t<figcaption class='wp-caption-text gallery-caption' id='gallery-1-464'>\n\t\t\t\tKulturarbeit, OGS, Mennekes\n\t\t\t\t<\/figcaption><\/figure><figure class='gallery-item'>\n\t\t\t<div class='gallery-icon landscape'>\n\t\t\t\t<a href='https:\/\/www.mennekes-jungenarbeit.de\/?attachment_id=463'><img loading=\"lazy\" decoding=\"async\" width=\"604\" height=\"427\" src=\"https:\/\/mennekes-jungenarbeit.de\/wp-content\/uploads\/2015\/09\/GGS_Sued_Foto-Collage_1_WebMed.jpg\" class=\"attachment-large size-large\" alt=\"\" aria-describedby=\"gallery-1-463\" srcset=\"https:\/\/mennekes-jungenarbeit.de\/wp-content\/uploads\/2015\/09\/GGS_Sued_Foto-Collage_1_WebMed.jpg 1000w, https:\/\/mennekes-jungenarbeit.de\/wp-content\/uploads\/2015\/09\/GGS_Sued_Foto-Collage_1_WebMed-300x212.jpg 300w\" sizes=\"auto, (max-width: 604px) 100vw, 604px\" \/><\/a>\n\t\t\t<\/div>\n\t\t\t\t<figcaption class='wp-caption-text gallery-caption' id='gallery-1-463'>\n\t\t\t\tKulturarbeit, OGS, Mennekes\n\t\t\t\t<\/figcaption><\/figure>\n\t\t<\/div>\n\n<p>Kulturarbeit-Projektidee, Konzeption und Realisation: Ulrich Mennekes, Dipl. Designer, Jungenarbeiter, Deeskalationstrainer <a href=\"http:\/\/www.mennekes-jungenarbeit.de\">www.mennekes-kulturarbeit.de<\/a><\/p>\n<hr \/>\n\n\n<p><\/p>\n\n\n\n<p><\/p>\n","protected":false},"excerpt":{"rendered":"<p>Seit nunmehr mehr als 17 Jahren Angebote im GGS- und OGS-Bereich &#8211; als vom Kulturamt der Landeshauptstadt D\u00fcsseldorf qualifizierter und zertifizierter Anbieter (u. a.) von \u201cK\u00fcnstlerischen Angeboten im Offenen Ganztag im Primarbereich\u201d. Siehe auch unter &#8211; D\u00fcsseldorfer Modell\u00a0&#8211;\u00a0und K\u00fcnstlerpool\/K\u00fcnstlerliste des Kulturamtes der Landeshauptstadt D\u00fcsseldorf. Hauptsache drau\u00dfen &#8211; auch im Schuljahr 2023\/2024 Hauptsache drau\u00dfen, tats\u00e4chlich. Daher &hellip; <a href=\"https:\/\/www.mennekes-jungenarbeit.de\/?page_id=196\" class=\"more-link\"><span class=\"screen-reader-text\">OGS\/Offene Ganztagsschule<\/span> weiterlesen <span class=\"meta-nav\">&rarr;<\/span><\/a><\/p>\n","protected":false},"author":1,"featured_media":0,"parent":0,"menu_order":0,"comment_status":"closed","ping_status":"closed","template":"","meta":{"footnotes":""},"class_list":["post-196","page","type-page","status-publish","hentry"],"_links":{"self":[{"href":"https:\/\/www.mennekes-jungenarbeit.de\/index.php?rest_route=\/wp\/v2\/pages\/196","targetHints":{"allow":["GET"]}}],"collection":[{"href":"https:\/\/www.mennekes-jungenarbeit.de\/index.php?rest_route=\/wp\/v2\/pages"}],"about":[{"href":"https:\/\/www.mennekes-jungenarbeit.de\/index.php?rest_route=\/wp\/v2\/types\/page"}],"author":[{"embeddable":true,"href":"https:\/\/www.mennekes-jungenarbeit.de\/index.php?rest_route=\/wp\/v2\/users\/1"}],"replies":[{"embeddable":true,"href":"https:\/\/www.mennekes-jungenarbeit.de\/index.php?rest_route=%2Fwp%2Fv2%2Fcomments&post=196"}],"version-history":[{"count":156,"href":"https:\/\/www.mennekes-jungenarbeit.de\/index.php?rest_route=\/wp\/v2\/pages\/196\/revisions"}],"predecessor-version":[{"id":3561,"href":"https:\/\/www.mennekes-jungenarbeit.de\/index.php?rest_route=\/wp\/v2\/pages\/196\/revisions\/3561"}],"wp:attachment":[{"href":"https:\/\/www.mennekes-jungenarbeit.de\/index.php?rest_route=%2Fwp%2Fv2%2Fmedia&parent=196"}],"curies":[{"name":"wp","href":"https:\/\/api.w.org\/{rel}","templated":true}]}}