{"id":35,"date":"2014-08-08T13:36:50","date_gmt":"2014-08-08T11:36:50","guid":{"rendered":"http:\/\/www.mennekes-jungenarbeit.de\/?page_id=35"},"modified":"2024-06-26T10:26:07","modified_gmt":"2024-06-26T08:26:07","slug":"kontakt","status":"publish","type":"page","link":"https:\/\/www.mennekes-jungenarbeit.de\/?page_id=35","title":{"rendered":"Kontakt"},"content":{"rendered":"<hr \/>\n<p>Ulrich Mennekes<br \/>\nDiplom Designer (FH) und Jungenarbeiter (LWL\/LAG),<br \/>\nDeeskalationstrainer (GAV), sowie<br \/>\nFotograf, Konzeptioner, Bildender K\u00fcnstler und Kulturp\u00e4dagogische Fachkraft.<br \/>\nB\u00fcro-Adresse:<br \/>\nS\u00fcdallee 55<br \/>\n40593 D\u00fcsseldorf<br \/>\nTel.-AB: 0211 \/ 70 222 99<br \/>\ninfo[at]mennekes-konzept.de<\/p>\n<hr \/>\n<p>Weitere Mennekes unter:<br \/>\n<a href=\"http:\/\/www.mennekes-kunst.de\">www.mennekes-kunst.de<\/a><\/p>\n<hr \/>\n","protected":false},"excerpt":{"rendered":"<p>Ulrich Mennekes Diplom Designer (FH) und Jungenarbeiter (LWL\/LAG), Deeskalationstrainer (GAV), sowie Fotograf, Konzeptioner, Bildender K\u00fcnstler und Kulturp\u00e4dagogische Fachkraft. B\u00fcro-Adresse: S\u00fcdallee 55 40593 D\u00fcsseldorf Tel.-AB: 0211 \/ 70 222 99 info[at]mennekes-konzept.de Weitere Mennekes unter: www.mennekes-kunst.de<\/p>\n","protected":false},"author":1,"featured_media":0,"parent":0,"menu_order":0,"comment_status":"closed","ping_status":"closed","template":"","meta":{"footnotes":""},"class_list":["post-35","page","type-page","status-publish","hentry"],"_links":{"self":[{"href":"https:\/\/www.mennekes-jungenarbeit.de\/index.php?rest_route=\/wp\/v2\/pages\/35","targetHints":{"allow":["GET"]}}],"collection":[{"href":"https:\/\/www.mennekes-jungenarbeit.de\/index.php?rest_route=\/wp\/v2\/pages"}],"about":[{"href":"https:\/\/www.mennekes-jungenarbeit.de\/index.php?rest_route=\/wp\/v2\/types\/page"}],"author":[{"embeddable":true,"href":"https:\/\/www.mennekes-jungenarbeit.de\/index.php?rest_route=\/wp\/v2\/users\/1"}],"replies":[{"embeddable":true,"href":"https:\/\/www.mennekes-jungenarbeit.de\/index.php?rest_route=%2Fwp%2Fv2%2Fcomments&post=35"}],"version-history":[{"count":27,"href":"https:\/\/www.mennekes-jungenarbeit.de\/index.php?rest_route=\/wp\/v2\/pages\/35\/revisions"}],"predecessor-version":[{"id":3563,"href":"https:\/\/www.mennekes-jungenarbeit.de\/index.php?rest_route=\/wp\/v2\/pages\/35\/revisions\/3563"}],"wp:attachment":[{"href":"https:\/\/www.mennekes-jungenarbeit.de\/index.php?rest_route=%2Fwp%2Fv2%2Fmedia&parent=35"}],"curies":[{"name":"wp","href":"https:\/\/api.w.org\/{rel}","templated":true}]}}